{"id":84,"date":"2023-06-16T12:08:53","date_gmt":"2023-06-16T10:08:53","guid":{"rendered":"https:\/\/epsigame-test.shop\/?post_type=product&#038;p=84"},"modified":"2023-06-16T12:08:54","modified_gmt":"2023-06-16T10:08:54","slug":"super-smash-bros-ultimate","status":"publish","type":"product","link":"https:\/\/epsigame-test.shop\/index.php\/produit\/super-smash-bros-ultimate\/","title":{"rendered":"Super Smash Bros. Ultimate"},"content":{"rendered":"<p>&#8220;Super Smash Bros. Ultimate&#8221; est un jeu de combat embl\u00e9matique d\u00e9velopp\u00e9 par Nintendo, r\u00e9unissant les personnages les plus c\u00e9l\u00e8bres de l&#8217;univers du jeu vid\u00e9o. Dans cette exp\u00e9rience \u00e9pique, les joueurs peuvent incarner leurs h\u00e9ros pr\u00e9f\u00e9r\u00e9s et participer \u00e0 des combats fr\u00e9n\u00e9tiques et explosifs.<\/p>\n<p>Dans &#8220;Super Smash Bros. Ultimate&#8221;, vous avez la possibilit\u00e9 de choisir parmi une vaste s\u00e9lection de combattants, allant des ic\u00f4nes de Nintendo telles que Mario, Link et Pikachu aux personnages embl\u00e9matiques d&#8217;autres franchises de jeux vid\u00e9o comme Sonic, Mega Man et Solid Snake. Chaque combattant poss\u00e8de ses propres mouvements, attaques sp\u00e9ciales et styles de jeu uniques, permettant aux joueurs de personnaliser leur approche et de trouver le personnage qui correspond le mieux \u00e0 leur style de jeu.<\/p>\n<p>Que vous soyez un fan de longue date de la franchise &#8220;Super Smash Bros.&#8221; ou un nouveau venu dans le monde des combats de jeux vid\u00e9o, &#8220;Super Smash Bros. Ultimate&#8221; offre une exp\u00e9rience de jeu inoubliable. Plongez dans des batailles \u00e9piques, rassemblez vos amis pour des soir\u00e9es de jeu endiabl\u00e9es et d\u00e9couvrez le plaisir de combattre avec les personnages embl\u00e9matiques de l&#8217;univers du jeu vid\u00e9o. Pr\u00e9parez-vous \u00e0 faire partie de l&#8217;ultime c\u00e9l\u00e9bration des jeux vid\u00e9o avec ce jeu qui ravira les joueurs de tous horizons.<\/p>\n","protected":false},"excerpt":{"rendered":"<p>Super Smash Bros. Ultimate<\/p>\n","protected":false},"featured_media":85,"comment_status":"open","ping_status":"closed","template":"","meta":[],"product_cat":[38,16],"product_tag":[],"yoast_head":"<!-- This site is optimized with the Yoast SEO plugin v20.9 - https:\/\/yoast.com\/wordpress\/plugins\/seo\/ -->\n<title>Super Smash Bros. Ultimate - Epsigame Shop Test<\/title>\n<meta name=\"robots\" content=\"index, follow, max-snippet:-1, max-image-preview:large, max-video-preview:-1\" \/>\n<link rel=\"canonical\" href=\"https:\/\/epsigame-test.shop\/index.php\/produit\/super-smash-bros-ultimate\/\" \/>\n<meta property=\"og:locale\" content=\"en_US\" \/>\n<meta property=\"og:type\" content=\"article\" \/>\n<meta property=\"og:title\" content=\"Super Smash Bros. Ultimate - Epsigame Shop Test\" \/>\n<meta property=\"og:description\" content=\"Super Smash Bros. Ultimate\" \/>\n<meta property=\"og:url\" content=\"https:\/\/epsigame-test.shop\/index.php\/produit\/super-smash-bros-ultimate\/\" \/>\n<meta property=\"og:site_name\" content=\"Epsigame Shop Test\" \/>\n<meta property=\"article:modified_time\" content=\"2023-06-16T10:08:54+00:00\" \/>\n<meta property=\"og:image\" content=\"http:\/\/epsigame-test.shop\/wp-content\/uploads\/2023\/06\/super-smash-bros-switch.jpg\" \/>\n\t<meta property=\"og:image:width\" content=\"618\" \/>\n\t<meta property=\"og:image:height\" content=\"1000\" \/>\n\t<meta property=\"og:image:type\" content=\"image\/jpeg\" \/>\n<meta name=\"twitter:card\" content=\"summary_large_image\" \/>\n<meta name=\"twitter:label1\" content=\"Est. reading time\" \/>\n\t<meta name=\"twitter:data1\" content=\"2 minutes\" \/>\n<script type=\"application\/ld+json\" class=\"yoast-schema-graph\">{\"@context\":\"https:\/\/schema.org\",\"@graph\":[{\"@type\":\"WebPage\",\"@id\":\"https:\/\/epsigame-test.shop\/index.php\/produit\/super-smash-bros-ultimate\/\",\"url\":\"https:\/\/epsigame-test.shop\/index.php\/produit\/super-smash-bros-ultimate\/\",\"name\":\"Super Smash Bros. Ultimate - Epsigame Shop Test\",\"isPartOf\":{\"@id\":\"https:\/\/epsigame-test.shop\/#website\"},\"datePublished\":\"2023-06-16T10:08:53+00:00\",\"dateModified\":\"2023-06-16T10:08:54+00:00\",\"breadcrumb\":{\"@id\":\"https:\/\/epsigame-test.shop\/index.php\/produit\/super-smash-bros-ultimate\/#breadcrumb\"},\"inLanguage\":\"en-US\",\"potentialAction\":[{\"@type\":\"ReadAction\",\"target\":[\"https:\/\/epsigame-test.shop\/index.php\/produit\/super-smash-bros-ultimate\/\"]}]},{\"@type\":\"BreadcrumbList\",\"@id\":\"https:\/\/epsigame-test.shop\/index.php\/produit\/super-smash-bros-ultimate\/#breadcrumb\",\"itemListElement\":[{\"@type\":\"ListItem\",\"position\":1,\"name\":\"Accueil\",\"item\":\"https:\/\/epsigame-test.shop\/\"},{\"@type\":\"ListItem\",\"position\":2,\"name\":\"Boutique\",\"item\":\"https:\/\/epsigame-test.shop\/index.php\/boutique\/\"},{\"@type\":\"ListItem\",\"position\":3,\"name\":\"Super Smash Bros. Ultimate\"}]},{\"@type\":\"WebSite\",\"@id\":\"https:\/\/epsigame-test.shop\/#website\",\"url\":\"https:\/\/epsigame-test.shop\/\",\"name\":\"Epsigame Shop Test\",\"description\":\"\",\"potentialAction\":[{\"@type\":\"SearchAction\",\"target\":{\"@type\":\"EntryPoint\",\"urlTemplate\":\"https:\/\/epsigame-test.shop\/?s={search_term_string}\"},\"query-input\":\"required name=search_term_string\"}],\"inLanguage\":\"en-US\"}]}<\/script>\n<!-- \/ Yoast SEO plugin. -->","yoast_head_json":{"title":"Super Smash Bros. Ultimate - Epsigame Shop Test","robots":{"index":"index","follow":"follow","max-snippet":"max-snippet:-1","max-image-preview":"max-image-preview:large","max-video-preview":"max-video-preview:-1"},"canonical":"https:\/\/epsigame-test.shop\/index.php\/produit\/super-smash-bros-ultimate\/","og_locale":"en_US","og_type":"article","og_title":"Super Smash Bros. Ultimate - Epsigame Shop Test","og_description":"Super Smash Bros. Ultimate","og_url":"https:\/\/epsigame-test.shop\/index.php\/produit\/super-smash-bros-ultimate\/","og_site_name":"Epsigame Shop Test","article_modified_time":"2023-06-16T10:08:54+00:00","og_image":[{"width":618,"height":1000,"url":"http:\/\/epsigame-test.shop\/wp-content\/uploads\/2023\/06\/super-smash-bros-switch.jpg","type":"image\/jpeg"}],"twitter_card":"summary_large_image","twitter_misc":{"Est. reading time":"2 minutes"},"schema":{"@context":"https:\/\/schema.org","@graph":[{"@type":"WebPage","@id":"https:\/\/epsigame-test.shop\/index.php\/produit\/super-smash-bros-ultimate\/","url":"https:\/\/epsigame-test.shop\/index.php\/produit\/super-smash-bros-ultimate\/","name":"Super Smash Bros. Ultimate - Epsigame Shop Test","isPartOf":{"@id":"https:\/\/epsigame-test.shop\/#website"},"datePublished":"2023-06-16T10:08:53+00:00","dateModified":"2023-06-16T10:08:54+00:00","breadcrumb":{"@id":"https:\/\/epsigame-test.shop\/index.php\/produit\/super-smash-bros-ultimate\/#breadcrumb"},"inLanguage":"en-US","potentialAction":[{"@type":"ReadAction","target":["https:\/\/epsigame-test.shop\/index.php\/produit\/super-smash-bros-ultimate\/"]}]},{"@type":"BreadcrumbList","@id":"https:\/\/epsigame-test.shop\/index.php\/produit\/super-smash-bros-ultimate\/#breadcrumb","itemListElement":[{"@type":"ListItem","position":1,"name":"Accueil","item":"https:\/\/epsigame-test.shop\/"},{"@type":"ListItem","position":2,"name":"Boutique","item":"https:\/\/epsigame-test.shop\/index.php\/boutique\/"},{"@type":"ListItem","position":3,"name":"Super Smash Bros. Ultimate"}]},{"@type":"WebSite","@id":"https:\/\/epsigame-test.shop\/#website","url":"https:\/\/epsigame-test.shop\/","name":"Epsigame Shop Test","description":"","potentialAction":[{"@type":"SearchAction","target":{"@type":"EntryPoint","urlTemplate":"https:\/\/epsigame-test.shop\/?s={search_term_string}"},"query-input":"required name=search_term_string"}],"inLanguage":"en-US"}]}},"_links":{"self":[{"href":"https:\/\/epsigame-test.shop\/index.php\/wp-json\/wp\/v2\/product\/84"}],"collection":[{"href":"https:\/\/epsigame-test.shop\/index.php\/wp-json\/wp\/v2\/product"}],"about":[{"href":"https:\/\/epsigame-test.shop\/index.php\/wp-json\/wp\/v2\/types\/product"}],"replies":[{"embeddable":true,"href":"https:\/\/epsigame-test.shop\/index.php\/wp-json\/wp\/v2\/comments?post=84"}],"wp:featuredmedia":[{"embeddable":true,"href":"https:\/\/epsigame-test.shop\/index.php\/wp-json\/wp\/v2\/media\/85"}],"wp:attachment":[{"href":"https:\/\/epsigame-test.shop\/index.php\/wp-json\/wp\/v2\/media?parent=84"}],"wp:term":[{"taxonomy":"product_cat","embeddable":true,"href":"https:\/\/epsigame-test.shop\/index.php\/wp-json\/wp\/v2\/product_cat?post=84"},{"taxonomy":"product_tag","embeddable":true,"href":"https:\/\/epsigame-test.shop\/index.php\/wp-json\/wp\/v2\/product_tag?post=84"}],"curies":[{"name":"wp","href":"https:\/\/api.w.org\/{rel}","templated":true}]}}