{"id":81,"date":"2023-06-16T12:05:23","date_gmt":"2023-06-16T10:05:23","guid":{"rendered":"https:\/\/epsigame-test.shop\/?post_type=product&#038;p=81"},"modified":"2023-06-16T12:05:23","modified_gmt":"2023-06-16T10:05:23","slug":"splatoon-3","status":"publish","type":"product","link":"https:\/\/epsigame-test.shop\/index.php\/produit\/splatoon-3\/","title":{"rendered":"Splatoon 3"},"content":{"rendered":"<p>&#8220;Splatoon 3&#8221; est le dernier opus de la s\u00e9rie populaire d\u00e9velopp\u00e9e par Nintendo, offrant une exp\u00e9rience multijoueur unique et color\u00e9e. Plongez dans un monde post-apocalyptique rempli de combats de peinture excitants et d&#8217;une comp\u00e9tition intense entre les Inklings, des cr\u00e9atures mi-humaines mi-calamar.<\/p>\n<p>Dans &#8220;Splatoon 3&#8221;, les joueurs rejoignent la ville de Chromapolis, un endroit vibrant et diversifi\u00e9 o\u00f9 les Inklings se rassemblent pour participer \u00e0 des batailles color\u00e9es. Vous pouvez personnaliser votre Inkling et votre \u00e9quipement, puis vous lancer dans des matchs en ligne contre d&#8217;autres joueurs du monde entier.<\/p>\n<p>Que vous soyez un fan de longue date de la s\u00e9rie &#8220;Splatoon&#8221; ou un nouvel arrivant dans cet univers, &#8220;Splatoon 3&#8221; offre une exp\u00e9rience multijoueur passionnante et originale. Affrontez d&#8217;autres joueurs, formez des \u00e9quipes avec vos amis et plongez dans des combats de peinture fr\u00e9n\u00e9tiques et amusants. Pr\u00e9parez-vous \u00e0 montrer vos talents de tireur d&#8217;encre et \u00e0 vous plonger dans une aventure multicolore qui repousse les limites du jeu de tir.<\/p>\n","protected":false},"excerpt":{"rendered":"<p>Splatoon 3<\/p>\n","protected":false},"featured_media":82,"comment_status":"open","ping_status":"closed","template":"","meta":[],"product_cat":[40,16],"product_tag":[],"yoast_head":"<!-- This site is optimized with the Yoast SEO plugin v20.9 - https:\/\/yoast.com\/wordpress\/plugins\/seo\/ -->\n<title>Splatoon 3 - Epsigame Shop Test<\/title>\n<meta name=\"robots\" content=\"index, follow, max-snippet:-1, max-image-preview:large, max-video-preview:-1\" \/>\n<link rel=\"canonical\" href=\"https:\/\/epsigame-test.shop\/index.php\/produit\/splatoon-3\/\" \/>\n<meta property=\"og:locale\" content=\"en_US\" \/>\n<meta property=\"og:type\" content=\"article\" \/>\n<meta property=\"og:title\" content=\"Splatoon 3 - Epsigame Shop Test\" \/>\n<meta property=\"og:description\" content=\"Splatoon 3\" \/>\n<meta property=\"og:url\" content=\"https:\/\/epsigame-test.shop\/index.php\/produit\/splatoon-3\/\" \/>\n<meta property=\"og:site_name\" content=\"Epsigame Shop Test\" \/>\n<meta property=\"og:image\" content=\"http:\/\/epsigame-test.shop\/wp-content\/uploads\/2023\/06\/splatoon-3-switch.jpg\" \/>\n\t<meta property=\"og:image:width\" content=\"800\" \/>\n\t<meta property=\"og:image:height\" content=\"800\" \/>\n\t<meta property=\"og:image:type\" content=\"image\/jpeg\" \/>\n<meta name=\"twitter:card\" content=\"summary_large_image\" \/>\n<meta name=\"twitter:label1\" content=\"Est. reading time\" \/>\n\t<meta name=\"twitter:data1\" content=\"1 minute\" \/>\n<script type=\"application\/ld+json\" class=\"yoast-schema-graph\">{\"@context\":\"https:\/\/schema.org\",\"@graph\":[{\"@type\":\"WebPage\",\"@id\":\"https:\/\/epsigame-test.shop\/index.php\/produit\/splatoon-3\/\",\"url\":\"https:\/\/epsigame-test.shop\/index.php\/produit\/splatoon-3\/\",\"name\":\"Splatoon 3 - Epsigame Shop Test\",\"isPartOf\":{\"@id\":\"https:\/\/epsigame-test.shop\/#website\"},\"datePublished\":\"2023-06-16T10:05:23+00:00\",\"dateModified\":\"2023-06-16T10:05:23+00:00\",\"breadcrumb\":{\"@id\":\"https:\/\/epsigame-test.shop\/index.php\/produit\/splatoon-3\/#breadcrumb\"},\"inLanguage\":\"en-US\",\"potentialAction\":[{\"@type\":\"ReadAction\",\"target\":[\"https:\/\/epsigame-test.shop\/index.php\/produit\/splatoon-3\/\"]}]},{\"@type\":\"BreadcrumbList\",\"@id\":\"https:\/\/epsigame-test.shop\/index.php\/produit\/splatoon-3\/#breadcrumb\",\"itemListElement\":[{\"@type\":\"ListItem\",\"position\":1,\"name\":\"Accueil\",\"item\":\"https:\/\/epsigame-test.shop\/\"},{\"@type\":\"ListItem\",\"position\":2,\"name\":\"Boutique\",\"item\":\"https:\/\/epsigame-test.shop\/index.php\/boutique\/\"},{\"@type\":\"ListItem\",\"position\":3,\"name\":\"Splatoon 3\"}]},{\"@type\":\"WebSite\",\"@id\":\"https:\/\/epsigame-test.shop\/#website\",\"url\":\"https:\/\/epsigame-test.shop\/\",\"name\":\"Epsigame Shop Test\",\"description\":\"\",\"potentialAction\":[{\"@type\":\"SearchAction\",\"target\":{\"@type\":\"EntryPoint\",\"urlTemplate\":\"https:\/\/epsigame-test.shop\/?s={search_term_string}\"},\"query-input\":\"required name=search_term_string\"}],\"inLanguage\":\"en-US\"}]}<\/script>\n<!-- \/ Yoast SEO plugin. -->","yoast_head_json":{"title":"Splatoon 3 - Epsigame Shop Test","robots":{"index":"index","follow":"follow","max-snippet":"max-snippet:-1","max-image-preview":"max-image-preview:large","max-video-preview":"max-video-preview:-1"},"canonical":"https:\/\/epsigame-test.shop\/index.php\/produit\/splatoon-3\/","og_locale":"en_US","og_type":"article","og_title":"Splatoon 3 - Epsigame Shop Test","og_description":"Splatoon 3","og_url":"https:\/\/epsigame-test.shop\/index.php\/produit\/splatoon-3\/","og_site_name":"Epsigame Shop Test","og_image":[{"width":800,"height":800,"url":"http:\/\/epsigame-test.shop\/wp-content\/uploads\/2023\/06\/splatoon-3-switch.jpg","type":"image\/jpeg"}],"twitter_card":"summary_large_image","twitter_misc":{"Est. reading time":"1 minute"},"schema":{"@context":"https:\/\/schema.org","@graph":[{"@type":"WebPage","@id":"https:\/\/epsigame-test.shop\/index.php\/produit\/splatoon-3\/","url":"https:\/\/epsigame-test.shop\/index.php\/produit\/splatoon-3\/","name":"Splatoon 3 - Epsigame Shop Test","isPartOf":{"@id":"https:\/\/epsigame-test.shop\/#website"},"datePublished":"2023-06-16T10:05:23+00:00","dateModified":"2023-06-16T10:05:23+00:00","breadcrumb":{"@id":"https:\/\/epsigame-test.shop\/index.php\/produit\/splatoon-3\/#breadcrumb"},"inLanguage":"en-US","potentialAction":[{"@type":"ReadAction","target":["https:\/\/epsigame-test.shop\/index.php\/produit\/splatoon-3\/"]}]},{"@type":"BreadcrumbList","@id":"https:\/\/epsigame-test.shop\/index.php\/produit\/splatoon-3\/#breadcrumb","itemListElement":[{"@type":"ListItem","position":1,"name":"Accueil","item":"https:\/\/epsigame-test.shop\/"},{"@type":"ListItem","position":2,"name":"Boutique","item":"https:\/\/epsigame-test.shop\/index.php\/boutique\/"},{"@type":"ListItem","position":3,"name":"Splatoon 3"}]},{"@type":"WebSite","@id":"https:\/\/epsigame-test.shop\/#website","url":"https:\/\/epsigame-test.shop\/","name":"Epsigame Shop Test","description":"","potentialAction":[{"@type":"SearchAction","target":{"@type":"EntryPoint","urlTemplate":"https:\/\/epsigame-test.shop\/?s={search_term_string}"},"query-input":"required name=search_term_string"}],"inLanguage":"en-US"}]}},"_links":{"self":[{"href":"https:\/\/epsigame-test.shop\/index.php\/wp-json\/wp\/v2\/product\/81"}],"collection":[{"href":"https:\/\/epsigame-test.shop\/index.php\/wp-json\/wp\/v2\/product"}],"about":[{"href":"https:\/\/epsigame-test.shop\/index.php\/wp-json\/wp\/v2\/types\/product"}],"replies":[{"embeddable":true,"href":"https:\/\/epsigame-test.shop\/index.php\/wp-json\/wp\/v2\/comments?post=81"}],"wp:featuredmedia":[{"embeddable":true,"href":"https:\/\/epsigame-test.shop\/index.php\/wp-json\/wp\/v2\/media\/82"}],"wp:attachment":[{"href":"https:\/\/epsigame-test.shop\/index.php\/wp-json\/wp\/v2\/media?parent=81"}],"wp:term":[{"taxonomy":"product_cat","embeddable":true,"href":"https:\/\/epsigame-test.shop\/index.php\/wp-json\/wp\/v2\/product_cat?post=81"},{"taxonomy":"product_tag","embeddable":true,"href":"https:\/\/epsigame-test.shop\/index.php\/wp-json\/wp\/v2\/product_tag?post=81"}],"curies":[{"name":"wp","href":"https:\/\/api.w.org\/{rel}","templated":true}]}}