{"id":75,"date":"2023-06-16T11:56:24","date_gmt":"2023-06-16T09:56:24","guid":{"rendered":"https:\/\/epsigame-test.shop\/?post_type=product&#038;p=75"},"modified":"2023-06-16T11:56:57","modified_gmt":"2023-06-16T09:56:57","slug":"pokemon-ecarlate","status":"publish","type":"product","link":"https:\/\/epsigame-test.shop\/index.php\/produit\/pokemon-ecarlate\/","title":{"rendered":"Pokemon Ecarlate"},"content":{"rendered":"<p>&#8220;Pokemon \u00c9carlate&#8221; est un jeu de r\u00f4le captivant qui vous transporte dans un monde rempli d&#8217;aventures extraordinaires et de cr\u00e9atures fantastiques connues sous le nom de Pok\u00e9mon. Dans cette nouvelle aventure, d\u00e9velopp\u00e9e par Game Freak, vous explorerez des terres myst\u00e9rieuses, affronterez des dresseurs puissants et ferez \u00e9quipe avec des Pok\u00e9mon pour devenir le meilleur dresseur.<\/p>\n<p>Dans &#8220;Pokemon \u00c9carlate&#8221;, vous commencerez votre voyage en choisissant votre premier Pok\u00e9mon parmi une s\u00e9lection de cr\u00e9atures adorables et puissantes. Chacun d&#8217;entre eux poss\u00e8de des comp\u00e9tences et des capacit\u00e9s uniques qui vous aideront \u00e0 relever les d\u00e9fis qui se pr\u00e9senteront \u00e0 vous. Vous devrez entra\u00eener vos Pok\u00e9mon, am\u00e9liorer leurs capacit\u00e9s et construire une \u00e9quipe \u00e9quilibr\u00e9e pour affronter les champions d&#8217;ar\u00e8ne et les autres dresseurs sur votre chemin.<\/p>\n<p>&#8220;Pokemon \u00c9carlate&#8221; propose \u00e9galement des fonctionnalit\u00e9s multijoueurs pour que vous puissiez vous connecter avec d&#8217;autres joueurs. \u00c9changez des Pok\u00e9mon, participez \u00e0 des batailles en ligne ou rejoignez des \u00e9quipes pour affronter des d\u00e9fis plus difficiles ensemble. Cette dimension sociale ajoute une dimension suppl\u00e9mentaire \u00e0 l&#8217;exp\u00e9rience de jeu, vous permettant de partager votre passion pour les Pok\u00e9mon avec d&#8217;autres joueurs du monde entier.<\/p>\n<p>Que vous soyez un fan de longue date de la franchise Pok\u00e9mon ou un nouvel aventurier dans le monde des Pok\u00e9mon, &#8220;Pokemon \u00c9carlate&#8221; offre une exp\u00e9rience de jeu passionnante et immersive. Pr\u00e9parez-vous \u00e0 capturer, entra\u00eener et affronter des Pok\u00e9mon extraordinaires dans cette aventure inoubliable qui vous transportera dans un monde rempli de merveilles et de d\u00e9fis.<\/p>\n","protected":false},"excerpt":{"rendered":"<p>Pokemon Ecarlate<\/p>\n","protected":false},"featured_media":76,"comment_status":"open","ping_status":"closed","template":"","meta":[],"product_cat":[41,16],"product_tag":[],"yoast_head":"<!-- This site is optimized with the Yoast SEO plugin v20.9 - https:\/\/yoast.com\/wordpress\/plugins\/seo\/ -->\n<title>Pokemon Ecarlate - Epsigame Shop Test<\/title>\n<meta name=\"robots\" content=\"index, follow, max-snippet:-1, max-image-preview:large, max-video-preview:-1\" \/>\n<link rel=\"canonical\" href=\"https:\/\/epsigame-test.shop\/index.php\/produit\/pokemon-ecarlate\/\" \/>\n<meta property=\"og:locale\" content=\"en_US\" \/>\n<meta property=\"og:type\" content=\"article\" \/>\n<meta property=\"og:title\" content=\"Pokemon Ecarlate - Epsigame Shop Test\" \/>\n<meta property=\"og:description\" content=\"Pokemon Ecarlate\" \/>\n<meta property=\"og:url\" content=\"https:\/\/epsigame-test.shop\/index.php\/produit\/pokemon-ecarlate\/\" \/>\n<meta property=\"og:site_name\" content=\"Epsigame Shop Test\" \/>\n<meta property=\"article:modified_time\" content=\"2023-06-16T09:56:57+00:00\" \/>\n<meta property=\"og:image\" content=\"http:\/\/epsigame-test.shop\/wp-content\/uploads\/2023\/06\/pokemon-ecarlate-switch.png\" \/>\n\t<meta property=\"og:image:width\" content=\"632\" \/>\n\t<meta property=\"og:image:height\" content=\"1024\" \/>\n\t<meta property=\"og:image:type\" content=\"image\/png\" \/>\n<meta name=\"twitter:card\" content=\"summary_large_image\" \/>\n<meta name=\"twitter:label1\" content=\"Est. reading time\" \/>\n\t<meta name=\"twitter:data1\" content=\"2 minutes\" \/>\n<script type=\"application\/ld+json\" class=\"yoast-schema-graph\">{\"@context\":\"https:\/\/schema.org\",\"@graph\":[{\"@type\":\"WebPage\",\"@id\":\"https:\/\/epsigame-test.shop\/index.php\/produit\/pokemon-ecarlate\/\",\"url\":\"https:\/\/epsigame-test.shop\/index.php\/produit\/pokemon-ecarlate\/\",\"name\":\"Pokemon Ecarlate - Epsigame Shop Test\",\"isPartOf\":{\"@id\":\"https:\/\/epsigame-test.shop\/#website\"},\"datePublished\":\"2023-06-16T09:56:24+00:00\",\"dateModified\":\"2023-06-16T09:56:57+00:00\",\"breadcrumb\":{\"@id\":\"https:\/\/epsigame-test.shop\/index.php\/produit\/pokemon-ecarlate\/#breadcrumb\"},\"inLanguage\":\"en-US\",\"potentialAction\":[{\"@type\":\"ReadAction\",\"target\":[\"https:\/\/epsigame-test.shop\/index.php\/produit\/pokemon-ecarlate\/\"]}]},{\"@type\":\"BreadcrumbList\",\"@id\":\"https:\/\/epsigame-test.shop\/index.php\/produit\/pokemon-ecarlate\/#breadcrumb\",\"itemListElement\":[{\"@type\":\"ListItem\",\"position\":1,\"name\":\"Accueil\",\"item\":\"https:\/\/epsigame-test.shop\/\"},{\"@type\":\"ListItem\",\"position\":2,\"name\":\"Boutique\",\"item\":\"https:\/\/epsigame-test.shop\/index.php\/boutique\/\"},{\"@type\":\"ListItem\",\"position\":3,\"name\":\"Pokemon Ecarlate\"}]},{\"@type\":\"WebSite\",\"@id\":\"https:\/\/epsigame-test.shop\/#website\",\"url\":\"https:\/\/epsigame-test.shop\/\",\"name\":\"Epsigame Shop Test\",\"description\":\"\",\"potentialAction\":[{\"@type\":\"SearchAction\",\"target\":{\"@type\":\"EntryPoint\",\"urlTemplate\":\"https:\/\/epsigame-test.shop\/?s={search_term_string}\"},\"query-input\":\"required name=search_term_string\"}],\"inLanguage\":\"en-US\"}]}<\/script>\n<!-- \/ Yoast SEO plugin. -->","yoast_head_json":{"title":"Pokemon Ecarlate - Epsigame Shop Test","robots":{"index":"index","follow":"follow","max-snippet":"max-snippet:-1","max-image-preview":"max-image-preview:large","max-video-preview":"max-video-preview:-1"},"canonical":"https:\/\/epsigame-test.shop\/index.php\/produit\/pokemon-ecarlate\/","og_locale":"en_US","og_type":"article","og_title":"Pokemon Ecarlate - Epsigame Shop Test","og_description":"Pokemon Ecarlate","og_url":"https:\/\/epsigame-test.shop\/index.php\/produit\/pokemon-ecarlate\/","og_site_name":"Epsigame Shop Test","article_modified_time":"2023-06-16T09:56:57+00:00","og_image":[{"url":"http:\/\/epsigame-test.shop\/wp-content\/uploads\/2023\/06\/pokemon-ecarlate-switch.png","width":632,"height":1024,"type":"image\/png"}],"twitter_card":"summary_large_image","twitter_misc":{"Est. reading time":"2 minutes"},"schema":{"@context":"https:\/\/schema.org","@graph":[{"@type":"WebPage","@id":"https:\/\/epsigame-test.shop\/index.php\/produit\/pokemon-ecarlate\/","url":"https:\/\/epsigame-test.shop\/index.php\/produit\/pokemon-ecarlate\/","name":"Pokemon Ecarlate - Epsigame Shop Test","isPartOf":{"@id":"https:\/\/epsigame-test.shop\/#website"},"datePublished":"2023-06-16T09:56:24+00:00","dateModified":"2023-06-16T09:56:57+00:00","breadcrumb":{"@id":"https:\/\/epsigame-test.shop\/index.php\/produit\/pokemon-ecarlate\/#breadcrumb"},"inLanguage":"en-US","potentialAction":[{"@type":"ReadAction","target":["https:\/\/epsigame-test.shop\/index.php\/produit\/pokemon-ecarlate\/"]}]},{"@type":"BreadcrumbList","@id":"https:\/\/epsigame-test.shop\/index.php\/produit\/pokemon-ecarlate\/#breadcrumb","itemListElement":[{"@type":"ListItem","position":1,"name":"Accueil","item":"https:\/\/epsigame-test.shop\/"},{"@type":"ListItem","position":2,"name":"Boutique","item":"https:\/\/epsigame-test.shop\/index.php\/boutique\/"},{"@type":"ListItem","position":3,"name":"Pokemon Ecarlate"}]},{"@type":"WebSite","@id":"https:\/\/epsigame-test.shop\/#website","url":"https:\/\/epsigame-test.shop\/","name":"Epsigame Shop Test","description":"","potentialAction":[{"@type":"SearchAction","target":{"@type":"EntryPoint","urlTemplate":"https:\/\/epsigame-test.shop\/?s={search_term_string}"},"query-input":"required name=search_term_string"}],"inLanguage":"en-US"}]}},"_links":{"self":[{"href":"https:\/\/epsigame-test.shop\/index.php\/wp-json\/wp\/v2\/product\/75"}],"collection":[{"href":"https:\/\/epsigame-test.shop\/index.php\/wp-json\/wp\/v2\/product"}],"about":[{"href":"https:\/\/epsigame-test.shop\/index.php\/wp-json\/wp\/v2\/types\/product"}],"replies":[{"embeddable":true,"href":"https:\/\/epsigame-test.shop\/index.php\/wp-json\/wp\/v2\/comments?post=75"}],"wp:featuredmedia":[{"embeddable":true,"href":"https:\/\/epsigame-test.shop\/index.php\/wp-json\/wp\/v2\/media\/76"}],"wp:attachment":[{"href":"https:\/\/epsigame-test.shop\/index.php\/wp-json\/wp\/v2\/media?parent=75"}],"wp:term":[{"taxonomy":"product_cat","embeddable":true,"href":"https:\/\/epsigame-test.shop\/index.php\/wp-json\/wp\/v2\/product_cat?post=75"},{"taxonomy":"product_tag","embeddable":true,"href":"https:\/\/epsigame-test.shop\/index.php\/wp-json\/wp\/v2\/product_tag?post=75"}],"curies":[{"name":"wp","href":"https:\/\/api.w.org\/{rel}","templated":true}]}}