{"id":69,"date":"2023-06-16T11:47:29","date_gmt":"2023-06-16T09:47:29","guid":{"rendered":"https:\/\/epsigame-test.shop\/?post_type=product&#038;p=69"},"modified":"2023-06-16T11:47:29","modified_gmt":"2023-06-16T09:47:29","slug":"mortal-kombat-1-2","status":"publish","type":"product","link":"https:\/\/epsigame-test.shop\/index.php\/produit\/mortal-kombat-1-2\/","title":{"rendered":"Mortal Kombat 1"},"content":{"rendered":"<p>&#8220;Mortal Kombat 1&#8221; est le premier opus de la franchise l\u00e9gendaire de jeux de combat, qui a r\u00e9volutionn\u00e9 le genre et est devenu une r\u00e9f\u00e9rence pour les jeux de combat d&#8217;arcade. Ce jeu embl\u00e9matique offre une exp\u00e9rience de combat intense et sanglante, avec des personnages m\u00e9morables et des mouvements sp\u00e9ciaux d\u00e9vastateurs.<\/p>\n<p>Dans &#8220;Mortal Kombat 1&#8221;, les joueurs peuvent choisir parmi un ensemble de combattants embl\u00e9matiques, chacun avec son propre style de combat et ses mouvements sp\u00e9ciaux uniques. Que vous choisissiez le puissant Scorpion, le myst\u00e9rieux Sub-Zero ou d&#8217;autres combattants, vous devrez ma\u00eetriser leurs comp\u00e9tences pour vaincre vos adversaires.<\/p>\n<p>Le jeu propose plusieurs modes de jeu, dont le mode solo, o\u00f9 les joueurs peuvent affronter une s\u00e9rie de combattants contr\u00f4l\u00e9s par l&#8217;ordinateur dans un tournoi mortel, et le mode multijoueur, o\u00f9 vous pouvez d\u00e9fier vos amis dans des duels palpitants.<\/p>\n","protected":false},"excerpt":{"rendered":"<p>Mortal Kombat 1<\/p>\n","protected":false},"featured_media":70,"comment_status":"open","ping_status":"closed","template":"","meta":[],"product_cat":[37,19],"product_tag":[],"yoast_head":"<!-- This site is optimized with the Yoast SEO plugin v20.9 - https:\/\/yoast.com\/wordpress\/plugins\/seo\/ -->\n<title>Mortal Kombat 1 - Epsigame Shop Test<\/title>\n<meta name=\"robots\" content=\"index, follow, max-snippet:-1, max-image-preview:large, max-video-preview:-1\" \/>\n<link rel=\"canonical\" href=\"https:\/\/epsigame-test.shop\/index.php\/produit\/mortal-kombat-1-2\/\" \/>\n<meta property=\"og:locale\" content=\"en_US\" \/>\n<meta property=\"og:type\" content=\"article\" \/>\n<meta property=\"og:title\" content=\"Mortal Kombat 1 - Epsigame Shop Test\" \/>\n<meta property=\"og:description\" content=\"Mortal Kombat 1\" \/>\n<meta property=\"og:url\" content=\"https:\/\/epsigame-test.shop\/index.php\/produit\/mortal-kombat-1-2\/\" \/>\n<meta property=\"og:site_name\" content=\"Epsigame Shop Test\" \/>\n<meta property=\"og:image\" content=\"http:\/\/epsigame-test.shop\/wp-content\/uploads\/2023\/06\/mortal-kombat-xbox.jpg\" \/>\n\t<meta property=\"og:image:width\" content=\"1499\" \/>\n\t<meta property=\"og:image:height\" content=\"1936\" \/>\n\t<meta property=\"og:image:type\" content=\"image\/jpeg\" \/>\n<meta name=\"twitter:card\" content=\"summary_large_image\" \/>\n<meta name=\"twitter:label1\" content=\"Est. reading time\" \/>\n\t<meta name=\"twitter:data1\" content=\"1 minute\" \/>\n<script type=\"application\/ld+json\" class=\"yoast-schema-graph\">{\"@context\":\"https:\/\/schema.org\",\"@graph\":[{\"@type\":\"WebPage\",\"@id\":\"https:\/\/epsigame-test.shop\/index.php\/produit\/mortal-kombat-1-2\/\",\"url\":\"https:\/\/epsigame-test.shop\/index.php\/produit\/mortal-kombat-1-2\/\",\"name\":\"Mortal Kombat 1 - Epsigame Shop Test\",\"isPartOf\":{\"@id\":\"https:\/\/epsigame-test.shop\/#website\"},\"datePublished\":\"2023-06-16T09:47:29+00:00\",\"dateModified\":\"2023-06-16T09:47:29+00:00\",\"breadcrumb\":{\"@id\":\"https:\/\/epsigame-test.shop\/index.php\/produit\/mortal-kombat-1-2\/#breadcrumb\"},\"inLanguage\":\"en-US\",\"potentialAction\":[{\"@type\":\"ReadAction\",\"target\":[\"https:\/\/epsigame-test.shop\/index.php\/produit\/mortal-kombat-1-2\/\"]}]},{\"@type\":\"BreadcrumbList\",\"@id\":\"https:\/\/epsigame-test.shop\/index.php\/produit\/mortal-kombat-1-2\/#breadcrumb\",\"itemListElement\":[{\"@type\":\"ListItem\",\"position\":1,\"name\":\"Accueil\",\"item\":\"https:\/\/epsigame-test.shop\/\"},{\"@type\":\"ListItem\",\"position\":2,\"name\":\"Boutique\",\"item\":\"https:\/\/epsigame-test.shop\/index.php\/boutique\/\"},{\"@type\":\"ListItem\",\"position\":3,\"name\":\"Mortal Kombat 1\"}]},{\"@type\":\"WebSite\",\"@id\":\"https:\/\/epsigame-test.shop\/#website\",\"url\":\"https:\/\/epsigame-test.shop\/\",\"name\":\"Epsigame Shop Test\",\"description\":\"\",\"potentialAction\":[{\"@type\":\"SearchAction\",\"target\":{\"@type\":\"EntryPoint\",\"urlTemplate\":\"https:\/\/epsigame-test.shop\/?s={search_term_string}\"},\"query-input\":\"required name=search_term_string\"}],\"inLanguage\":\"en-US\"}]}<\/script>\n<!-- \/ Yoast SEO plugin. -->","yoast_head_json":{"title":"Mortal Kombat 1 - Epsigame Shop Test","robots":{"index":"index","follow":"follow","max-snippet":"max-snippet:-1","max-image-preview":"max-image-preview:large","max-video-preview":"max-video-preview:-1"},"canonical":"https:\/\/epsigame-test.shop\/index.php\/produit\/mortal-kombat-1-2\/","og_locale":"en_US","og_type":"article","og_title":"Mortal Kombat 1 - Epsigame Shop Test","og_description":"Mortal Kombat 1","og_url":"https:\/\/epsigame-test.shop\/index.php\/produit\/mortal-kombat-1-2\/","og_site_name":"Epsigame Shop Test","og_image":[{"width":1499,"height":1936,"url":"http:\/\/epsigame-test.shop\/wp-content\/uploads\/2023\/06\/mortal-kombat-xbox.jpg","type":"image\/jpeg"}],"twitter_card":"summary_large_image","twitter_misc":{"Est. reading time":"1 minute"},"schema":{"@context":"https:\/\/schema.org","@graph":[{"@type":"WebPage","@id":"https:\/\/epsigame-test.shop\/index.php\/produit\/mortal-kombat-1-2\/","url":"https:\/\/epsigame-test.shop\/index.php\/produit\/mortal-kombat-1-2\/","name":"Mortal Kombat 1 - Epsigame Shop Test","isPartOf":{"@id":"https:\/\/epsigame-test.shop\/#website"},"datePublished":"2023-06-16T09:47:29+00:00","dateModified":"2023-06-16T09:47:29+00:00","breadcrumb":{"@id":"https:\/\/epsigame-test.shop\/index.php\/produit\/mortal-kombat-1-2\/#breadcrumb"},"inLanguage":"en-US","potentialAction":[{"@type":"ReadAction","target":["https:\/\/epsigame-test.shop\/index.php\/produit\/mortal-kombat-1-2\/"]}]},{"@type":"BreadcrumbList","@id":"https:\/\/epsigame-test.shop\/index.php\/produit\/mortal-kombat-1-2\/#breadcrumb","itemListElement":[{"@type":"ListItem","position":1,"name":"Accueil","item":"https:\/\/epsigame-test.shop\/"},{"@type":"ListItem","position":2,"name":"Boutique","item":"https:\/\/epsigame-test.shop\/index.php\/boutique\/"},{"@type":"ListItem","position":3,"name":"Mortal Kombat 1"}]},{"@type":"WebSite","@id":"https:\/\/epsigame-test.shop\/#website","url":"https:\/\/epsigame-test.shop\/","name":"Epsigame Shop Test","description":"","potentialAction":[{"@type":"SearchAction","target":{"@type":"EntryPoint","urlTemplate":"https:\/\/epsigame-test.shop\/?s={search_term_string}"},"query-input":"required name=search_term_string"}],"inLanguage":"en-US"}]}},"_links":{"self":[{"href":"https:\/\/epsigame-test.shop\/index.php\/wp-json\/wp\/v2\/product\/69"}],"collection":[{"href":"https:\/\/epsigame-test.shop\/index.php\/wp-json\/wp\/v2\/product"}],"about":[{"href":"https:\/\/epsigame-test.shop\/index.php\/wp-json\/wp\/v2\/types\/product"}],"replies":[{"embeddable":true,"href":"https:\/\/epsigame-test.shop\/index.php\/wp-json\/wp\/v2\/comments?post=69"}],"wp:featuredmedia":[{"embeddable":true,"href":"https:\/\/epsigame-test.shop\/index.php\/wp-json\/wp\/v2\/media\/70"}],"wp:attachment":[{"href":"https:\/\/epsigame-test.shop\/index.php\/wp-json\/wp\/v2\/media?parent=69"}],"wp:term":[{"taxonomy":"product_cat","embeddable":true,"href":"https:\/\/epsigame-test.shop\/index.php\/wp-json\/wp\/v2\/product_cat?post=69"},{"taxonomy":"product_tag","embeddable":true,"href":"https:\/\/epsigame-test.shop\/index.php\/wp-json\/wp\/v2\/product_tag?post=69"}],"curies":[{"name":"wp","href":"https:\/\/api.w.org\/{rel}","templated":true}]}}