{"id":63,"date":"2023-06-16T11:40:02","date_gmt":"2023-06-16T09:40:02","guid":{"rendered":"https:\/\/epsigame-test.shop\/?post_type=product&#038;p=63"},"modified":"2023-06-16T11:40:02","modified_gmt":"2023-06-16T09:40:02","slug":"the-last-of-us-part-i","status":"publish","type":"product","link":"https:\/\/epsigame-test.shop\/index.php\/produit\/the-last-of-us-part-i\/","title":{"rendered":"The Last Of Us Part I"},"content":{"rendered":"<p>&#8220;The Last of Us Part I&#8221; est un jeu d&#8217;action-aventure post-apocalyptique acclam\u00e9 par la critique, qui vous plonge dans un monde sombre et impitoyable o\u00f9 la survie est la cl\u00e9 de tout. D\u00e9velopp\u00e9 par le studio renomm\u00e9 Naughty Dog, ce jeu offre une exp\u00e9rience immersive et \u00e9motionnelle inoubliable.<\/p>\n<p>Dans &#8220;The Last of Us Part I&#8221;, les joueurs suivent l&#8217;histoire de Joel, un homme qui traverse un monde d\u00e9vast\u00e9 par une pand\u00e9mie qui a transform\u00e9 une grande partie de la population en cr\u00e9atures hostiles. Accompagn\u00e9 d&#8217;Ellie, une jeune fille au destin myst\u00e9rieux, Joel doit naviguer \u00e0 travers des environnements dangereux, affronter des ennemis impitoyables et prendre des d\u00e9cisions d\u00e9chirantes pour survivre.<\/p>\n<p>Que vous soyez un amateur de jeux d&#8217;action-aventure, un fan de narration immersive ou un passionn\u00e9 de jeux vid\u00e9o en g\u00e9n\u00e9ral, &#8220;The Last of Us Part I&#8221; offre une exp\u00e9rience de jeu inoubliable. Pr\u00e9parez-vous \u00e0 vous plonger dans un monde post-apocalyptique impitoyable, \u00e0 tisser des liens avec des personnages inoubliables et \u00e0 vivre une aventure captivante qui restera grav\u00e9e dans votre m\u00e9moire.<\/p>\n","protected":false},"excerpt":{"rendered":"<p>The Last Of Us Part I<\/p>\n","protected":false},"featured_media":64,"comment_status":"open","ping_status":"closed","template":"","meta":[],"product_cat":[18,23],"product_tag":[],"yoast_head":"<!-- This site is optimized with the Yoast SEO plugin v20.9 - https:\/\/yoast.com\/wordpress\/plugins\/seo\/ -->\n<title>The Last Of Us Part I - Epsigame Shop Test<\/title>\n<meta name=\"robots\" content=\"index, follow, max-snippet:-1, max-image-preview:large, max-video-preview:-1\" \/>\n<link rel=\"canonical\" href=\"https:\/\/epsigame-test.shop\/index.php\/produit\/the-last-of-us-part-i\/\" \/>\n<meta property=\"og:locale\" content=\"en_US\" \/>\n<meta property=\"og:type\" content=\"article\" \/>\n<meta property=\"og:title\" content=\"The Last Of Us Part I - Epsigame Shop Test\" \/>\n<meta property=\"og:description\" content=\"The Last Of Us Part I\" \/>\n<meta property=\"og:url\" content=\"https:\/\/epsigame-test.shop\/index.php\/produit\/the-last-of-us-part-i\/\" \/>\n<meta property=\"og:site_name\" content=\"Epsigame Shop Test\" \/>\n<meta property=\"og:image\" content=\"http:\/\/epsigame-test.shop\/wp-content\/uploads\/2023\/06\/last-of-us-ps5.jpg\" \/>\n\t<meta property=\"og:image:width\" content=\"960\" \/>\n\t<meta property=\"og:image:height\" content=\"640\" \/>\n\t<meta property=\"og:image:type\" content=\"image\/jpeg\" \/>\n<meta name=\"twitter:card\" content=\"summary_large_image\" \/>\n<meta name=\"twitter:label1\" content=\"Est. reading time\" \/>\n\t<meta name=\"twitter:data1\" content=\"1 minute\" \/>\n<script type=\"application\/ld+json\" class=\"yoast-schema-graph\">{\"@context\":\"https:\/\/schema.org\",\"@graph\":[{\"@type\":\"WebPage\",\"@id\":\"https:\/\/epsigame-test.shop\/index.php\/produit\/the-last-of-us-part-i\/\",\"url\":\"https:\/\/epsigame-test.shop\/index.php\/produit\/the-last-of-us-part-i\/\",\"name\":\"The Last Of Us Part I - Epsigame Shop Test\",\"isPartOf\":{\"@id\":\"https:\/\/epsigame-test.shop\/#website\"},\"datePublished\":\"2023-06-16T09:40:02+00:00\",\"dateModified\":\"2023-06-16T09:40:02+00:00\",\"breadcrumb\":{\"@id\":\"https:\/\/epsigame-test.shop\/index.php\/produit\/the-last-of-us-part-i\/#breadcrumb\"},\"inLanguage\":\"en-US\",\"potentialAction\":[{\"@type\":\"ReadAction\",\"target\":[\"https:\/\/epsigame-test.shop\/index.php\/produit\/the-last-of-us-part-i\/\"]}]},{\"@type\":\"BreadcrumbList\",\"@id\":\"https:\/\/epsigame-test.shop\/index.php\/produit\/the-last-of-us-part-i\/#breadcrumb\",\"itemListElement\":[{\"@type\":\"ListItem\",\"position\":1,\"name\":\"Accueil\",\"item\":\"https:\/\/epsigame-test.shop\/\"},{\"@type\":\"ListItem\",\"position\":2,\"name\":\"Boutique\",\"item\":\"https:\/\/epsigame-test.shop\/index.php\/boutique\/\"},{\"@type\":\"ListItem\",\"position\":3,\"name\":\"The Last Of Us Part I\"}]},{\"@type\":\"WebSite\",\"@id\":\"https:\/\/epsigame-test.shop\/#website\",\"url\":\"https:\/\/epsigame-test.shop\/\",\"name\":\"Epsigame Shop Test\",\"description\":\"\",\"potentialAction\":[{\"@type\":\"SearchAction\",\"target\":{\"@type\":\"EntryPoint\",\"urlTemplate\":\"https:\/\/epsigame-test.shop\/?s={search_term_string}\"},\"query-input\":\"required name=search_term_string\"}],\"inLanguage\":\"en-US\"}]}<\/script>\n<!-- \/ Yoast SEO plugin. -->","yoast_head_json":{"title":"The Last Of Us Part I - Epsigame Shop Test","robots":{"index":"index","follow":"follow","max-snippet":"max-snippet:-1","max-image-preview":"max-image-preview:large","max-video-preview":"max-video-preview:-1"},"canonical":"https:\/\/epsigame-test.shop\/index.php\/produit\/the-last-of-us-part-i\/","og_locale":"en_US","og_type":"article","og_title":"The Last Of Us Part I - Epsigame Shop Test","og_description":"The Last Of Us Part I","og_url":"https:\/\/epsigame-test.shop\/index.php\/produit\/the-last-of-us-part-i\/","og_site_name":"Epsigame Shop Test","og_image":[{"width":960,"height":640,"url":"http:\/\/epsigame-test.shop\/wp-content\/uploads\/2023\/06\/last-of-us-ps5.jpg","type":"image\/jpeg"}],"twitter_card":"summary_large_image","twitter_misc":{"Est. reading time":"1 minute"},"schema":{"@context":"https:\/\/schema.org","@graph":[{"@type":"WebPage","@id":"https:\/\/epsigame-test.shop\/index.php\/produit\/the-last-of-us-part-i\/","url":"https:\/\/epsigame-test.shop\/index.php\/produit\/the-last-of-us-part-i\/","name":"The Last Of Us Part I - Epsigame Shop Test","isPartOf":{"@id":"https:\/\/epsigame-test.shop\/#website"},"datePublished":"2023-06-16T09:40:02+00:00","dateModified":"2023-06-16T09:40:02+00:00","breadcrumb":{"@id":"https:\/\/epsigame-test.shop\/index.php\/produit\/the-last-of-us-part-i\/#breadcrumb"},"inLanguage":"en-US","potentialAction":[{"@type":"ReadAction","target":["https:\/\/epsigame-test.shop\/index.php\/produit\/the-last-of-us-part-i\/"]}]},{"@type":"BreadcrumbList","@id":"https:\/\/epsigame-test.shop\/index.php\/produit\/the-last-of-us-part-i\/#breadcrumb","itemListElement":[{"@type":"ListItem","position":1,"name":"Accueil","item":"https:\/\/epsigame-test.shop\/"},{"@type":"ListItem","position":2,"name":"Boutique","item":"https:\/\/epsigame-test.shop\/index.php\/boutique\/"},{"@type":"ListItem","position":3,"name":"The Last Of Us Part I"}]},{"@type":"WebSite","@id":"https:\/\/epsigame-test.shop\/#website","url":"https:\/\/epsigame-test.shop\/","name":"Epsigame Shop Test","description":"","potentialAction":[{"@type":"SearchAction","target":{"@type":"EntryPoint","urlTemplate":"https:\/\/epsigame-test.shop\/?s={search_term_string}"},"query-input":"required name=search_term_string"}],"inLanguage":"en-US"}]}},"_links":{"self":[{"href":"https:\/\/epsigame-test.shop\/index.php\/wp-json\/wp\/v2\/product\/63"}],"collection":[{"href":"https:\/\/epsigame-test.shop\/index.php\/wp-json\/wp\/v2\/product"}],"about":[{"href":"https:\/\/epsigame-test.shop\/index.php\/wp-json\/wp\/v2\/types\/product"}],"replies":[{"embeddable":true,"href":"https:\/\/epsigame-test.shop\/index.php\/wp-json\/wp\/v2\/comments?post=63"}],"wp:featuredmedia":[{"embeddable":true,"href":"https:\/\/epsigame-test.shop\/index.php\/wp-json\/wp\/v2\/media\/64"}],"wp:attachment":[{"href":"https:\/\/epsigame-test.shop\/index.php\/wp-json\/wp\/v2\/media?parent=63"}],"wp:term":[{"taxonomy":"product_cat","embeddable":true,"href":"https:\/\/epsigame-test.shop\/index.php\/wp-json\/wp\/v2\/product_cat?post=63"},{"taxonomy":"product_tag","embeddable":true,"href":"https:\/\/epsigame-test.shop\/index.php\/wp-json\/wp\/v2\/product_tag?post=63"}],"curies":[{"name":"wp","href":"https:\/\/api.w.org\/{rel}","templated":true}]}}