{"id":57,"date":"2023-06-16T11:28:21","date_gmt":"2023-06-16T09:28:21","guid":{"rendered":"https:\/\/epsigame-test.shop\/?post_type=product&#038;p=57"},"modified":"2023-06-20T15:47:28","modified_gmt":"2023-06-20T13:47:28","slug":"god-of-war-ragnarok","status":"publish","type":"product","link":"https:\/\/epsigame-test.shop\/index.php\/produit\/god-of-war-ragnarok\/","title":{"rendered":"God Of War : Ragnarok"},"content":{"rendered":"<p>&#8220;God of War: Ragnarok&#8221; est la suite tr\u00e8s attendue du c\u00e9l\u00e8bre jeu d&#8217;action et d&#8217;aventure acclam\u00e9 par la critique, qui a red\u00e9fini le genre et captiv\u00e9 des millions de joueurs \u00e0 travers le monde. Ce nouveau chapitre \u00e9pique plonge les joueurs dans une qu\u00eate mythologique palpitante, les emmenant dans un voyage intense et charg\u00e9 d&#8217;\u00e9motions.<\/p>\n<p>Dans &#8220;God of War: Ragnarok&#8221;, les joueurs retrouvent Kratos, le l\u00e9gendaire dieu de la guerre, et son fils Atreus, alors qu&#8217;ils se lancent dans une aventure p\u00e9rilleuse dans les royaumes nordiques. Le jeu explore la proph\u00e9tie du Ragnarok, l&#8217;apocalypse nordique, et met en sc\u00e8ne des rencontres \u00e9piques avec des dieux, des cr\u00e9atures mythiques et des ennemis redoutables.<\/p>\n<p>L&#8217;histoire captivante de &#8220;God of War: Ragnarok&#8221; est port\u00e9e par des cin\u00e9matiques cin\u00e9matographiques, des dialogues percutants et des performances d&#8217;acteurs de premier plan. Elle explore les relations complexes entre les personnages, leurs pass\u00e9s tourment\u00e9s et les choix difficiles auxquels ils sont confront\u00e9s. Les joueurs seront entra\u00een\u00e9s dans un r\u00e9cit captivant, m\u00ealant trag\u00e9die, vengeance et r\u00e9demption.<\/p>\n","protected":false},"excerpt":{"rendered":"<p>God Of War : Ragnarok<\/p>\n","protected":false},"featured_media":58,"comment_status":"open","ping_status":"closed","template":"","meta":[],"product_cat":[22,18],"product_tag":[],"yoast_head":"<!-- This site is optimized with the Yoast SEO plugin v20.9 - https:\/\/yoast.com\/wordpress\/plugins\/seo\/ -->\n<title>God Of War : Ragnarok - Epsigame Shop Test<\/title>\n<meta name=\"robots\" content=\"index, follow, max-snippet:-1, max-image-preview:large, max-video-preview:-1\" \/>\n<link rel=\"canonical\" href=\"https:\/\/epsigame-test.shop\/index.php\/produit\/god-of-war-ragnarok\/\" \/>\n<meta property=\"og:locale\" content=\"en_US\" \/>\n<meta property=\"og:type\" content=\"article\" \/>\n<meta property=\"og:title\" content=\"God Of War : Ragnarok - Epsigame Shop Test\" \/>\n<meta property=\"og:description\" content=\"God Of War : Ragnarok\" \/>\n<meta property=\"og:url\" content=\"https:\/\/epsigame-test.shop\/index.php\/produit\/god-of-war-ragnarok\/\" \/>\n<meta property=\"og:site_name\" content=\"Epsigame Shop Test\" \/>\n<meta property=\"article:modified_time\" content=\"2023-06-20T13:47:28+00:00\" \/>\n<meta property=\"og:image\" content=\"http:\/\/epsigame-test.shop\/wp-content\/uploads\/2023\/06\/godofwar-ps5.jpg\" \/>\n\t<meta property=\"og:image:width\" content=\"519\" \/>\n\t<meta property=\"og:image:height\" content=\"600\" \/>\n\t<meta property=\"og:image:type\" content=\"image\/jpeg\" \/>\n<meta name=\"twitter:card\" content=\"summary_large_image\" \/>\n<meta name=\"twitter:label1\" content=\"Est. reading time\" \/>\n\t<meta name=\"twitter:data1\" content=\"1 minute\" \/>\n<script type=\"application\/ld+json\" class=\"yoast-schema-graph\">{\"@context\":\"https:\/\/schema.org\",\"@graph\":[{\"@type\":\"WebPage\",\"@id\":\"https:\/\/epsigame-test.shop\/index.php\/produit\/god-of-war-ragnarok\/\",\"url\":\"https:\/\/epsigame-test.shop\/index.php\/produit\/god-of-war-ragnarok\/\",\"name\":\"God Of War : Ragnarok - Epsigame Shop Test\",\"isPartOf\":{\"@id\":\"https:\/\/epsigame-test.shop\/#website\"},\"datePublished\":\"2023-06-16T09:28:21+00:00\",\"dateModified\":\"2023-06-20T13:47:28+00:00\",\"breadcrumb\":{\"@id\":\"https:\/\/epsigame-test.shop\/index.php\/produit\/god-of-war-ragnarok\/#breadcrumb\"},\"inLanguage\":\"en-US\",\"potentialAction\":[{\"@type\":\"ReadAction\",\"target\":[\"https:\/\/epsigame-test.shop\/index.php\/produit\/god-of-war-ragnarok\/\"]}]},{\"@type\":\"BreadcrumbList\",\"@id\":\"https:\/\/epsigame-test.shop\/index.php\/produit\/god-of-war-ragnarok\/#breadcrumb\",\"itemListElement\":[{\"@type\":\"ListItem\",\"position\":1,\"name\":\"Accueil\",\"item\":\"https:\/\/epsigame-test.shop\/\"},{\"@type\":\"ListItem\",\"position\":2,\"name\":\"Boutique\",\"item\":\"https:\/\/epsigame-test.shop\/index.php\/boutique\/\"},{\"@type\":\"ListItem\",\"position\":3,\"name\":\"God Of War : Ragnarok\"}]},{\"@type\":\"WebSite\",\"@id\":\"https:\/\/epsigame-test.shop\/#website\",\"url\":\"https:\/\/epsigame-test.shop\/\",\"name\":\"Epsigame Shop Test\",\"description\":\"\",\"potentialAction\":[{\"@type\":\"SearchAction\",\"target\":{\"@type\":\"EntryPoint\",\"urlTemplate\":\"https:\/\/epsigame-test.shop\/?s={search_term_string}\"},\"query-input\":\"required name=search_term_string\"}],\"inLanguage\":\"en-US\"}]}<\/script>\n<!-- \/ Yoast SEO plugin. -->","yoast_head_json":{"title":"God Of War : Ragnarok - Epsigame Shop Test","robots":{"index":"index","follow":"follow","max-snippet":"max-snippet:-1","max-image-preview":"max-image-preview:large","max-video-preview":"max-video-preview:-1"},"canonical":"https:\/\/epsigame-test.shop\/index.php\/produit\/god-of-war-ragnarok\/","og_locale":"en_US","og_type":"article","og_title":"God Of War : Ragnarok - Epsigame Shop Test","og_description":"God Of War : Ragnarok","og_url":"https:\/\/epsigame-test.shop\/index.php\/produit\/god-of-war-ragnarok\/","og_site_name":"Epsigame Shop Test","article_modified_time":"2023-06-20T13:47:28+00:00","og_image":[{"width":519,"height":600,"url":"http:\/\/epsigame-test.shop\/wp-content\/uploads\/2023\/06\/godofwar-ps5.jpg","type":"image\/jpeg"}],"twitter_card":"summary_large_image","twitter_misc":{"Est. reading time":"1 minute"},"schema":{"@context":"https:\/\/schema.org","@graph":[{"@type":"WebPage","@id":"https:\/\/epsigame-test.shop\/index.php\/produit\/god-of-war-ragnarok\/","url":"https:\/\/epsigame-test.shop\/index.php\/produit\/god-of-war-ragnarok\/","name":"God Of War : Ragnarok - Epsigame Shop Test","isPartOf":{"@id":"https:\/\/epsigame-test.shop\/#website"},"datePublished":"2023-06-16T09:28:21+00:00","dateModified":"2023-06-20T13:47:28+00:00","breadcrumb":{"@id":"https:\/\/epsigame-test.shop\/index.php\/produit\/god-of-war-ragnarok\/#breadcrumb"},"inLanguage":"en-US","potentialAction":[{"@type":"ReadAction","target":["https:\/\/epsigame-test.shop\/index.php\/produit\/god-of-war-ragnarok\/"]}]},{"@type":"BreadcrumbList","@id":"https:\/\/epsigame-test.shop\/index.php\/produit\/god-of-war-ragnarok\/#breadcrumb","itemListElement":[{"@type":"ListItem","position":1,"name":"Accueil","item":"https:\/\/epsigame-test.shop\/"},{"@type":"ListItem","position":2,"name":"Boutique","item":"https:\/\/epsigame-test.shop\/index.php\/boutique\/"},{"@type":"ListItem","position":3,"name":"God Of War : Ragnarok"}]},{"@type":"WebSite","@id":"https:\/\/epsigame-test.shop\/#website","url":"https:\/\/epsigame-test.shop\/","name":"Epsigame Shop Test","description":"","potentialAction":[{"@type":"SearchAction","target":{"@type":"EntryPoint","urlTemplate":"https:\/\/epsigame-test.shop\/?s={search_term_string}"},"query-input":"required name=search_term_string"}],"inLanguage":"en-US"}]}},"_links":{"self":[{"href":"https:\/\/epsigame-test.shop\/index.php\/wp-json\/wp\/v2\/product\/57"}],"collection":[{"href":"https:\/\/epsigame-test.shop\/index.php\/wp-json\/wp\/v2\/product"}],"about":[{"href":"https:\/\/epsigame-test.shop\/index.php\/wp-json\/wp\/v2\/types\/product"}],"replies":[{"embeddable":true,"href":"https:\/\/epsigame-test.shop\/index.php\/wp-json\/wp\/v2\/comments?post=57"}],"wp:featuredmedia":[{"embeddable":true,"href":"https:\/\/epsigame-test.shop\/index.php\/wp-json\/wp\/v2\/media\/58"}],"wp:attachment":[{"href":"https:\/\/epsigame-test.shop\/index.php\/wp-json\/wp\/v2\/media?parent=57"}],"wp:term":[{"taxonomy":"product_cat","embeddable":true,"href":"https:\/\/epsigame-test.shop\/index.php\/wp-json\/wp\/v2\/product_cat?post=57"},{"taxonomy":"product_tag","embeddable":true,"href":"https:\/\/epsigame-test.shop\/index.php\/wp-json\/wp\/v2\/product_tag?post=57"}],"curies":[{"name":"wp","href":"https:\/\/api.w.org\/{rel}","templated":true}]}}