{"id":33,"date":"2023-06-16T10:41:05","date_gmt":"2023-06-16T08:41:05","guid":{"rendered":"https:\/\/epsigame-test.shop\/?post_type=product&#038;p=33"},"modified":"2023-06-19T11:20:28","modified_gmt":"2023-06-19T09:20:28","slug":"fifa-23-2","status":"publish","type":"product","link":"https:\/\/epsigame-test.shop\/index.php\/produit\/fifa-23-2\/","title":{"rendered":"Fifa 23"},"content":{"rendered":"<p>&#8220;FIFA 23&#8221; est le dernier opus de la c\u00e9l\u00e8bre franchise de jeux de football, offrant aux joueurs une exp\u00e9rience immersive et r\u00e9aliste du sport le plus populaire au monde. Ce jeu de football tr\u00e8s attendu propose des graphismes am\u00e9lior\u00e9s, une jouabilit\u00e9 fluide et de nombreuses fonctionnalit\u00e9s passionnantes qui raviront les amateurs de football.<\/p>\n<p>Dans &#8220;FIFA 23&#8221;, les joueurs pourront prendre le contr\u00f4le de leurs \u00e9quipes pr\u00e9f\u00e9r\u00e9es et vivre des moments intenses sur le terrain. Le jeu propose une s\u00e9lection \u00e9tendue de clubs licenci\u00e9s, de ligues et de tournois internationaux, offrant une grande vari\u00e9t\u00e9 d&#8217;options pour les amateurs de football du monde entier.<\/p>\n","protected":false},"excerpt":{"rendered":"<p>&#8220;FIFA 23&#8221; est le dernier opus de la c\u00e9l\u00e8bre franchise de jeux de football, offrant aux joueurs une exp\u00e9rience immersive et r\u00e9aliste du sport le plus populaire au monde. Ce jeu de football tr\u00e8s attendu propose des graphismes am\u00e9lior\u00e9s, une jouabilit\u00e9 fluide et de nombreuses fonctionnalit\u00e9s passionnantes qui raviront les amateurs de football. Dans &#8220;FIFA [&hellip;]<\/p>\n","protected":false},"featured_media":34,"comment_status":"open","ping_status":"closed","template":"","meta":[],"product_cat":[27,19],"product_tag":[],"yoast_head":"<!-- This site is optimized with the Yoast SEO plugin v20.9 - https:\/\/yoast.com\/wordpress\/plugins\/seo\/ -->\n<title>Fifa 23 - Epsigame Shop Test<\/title>\n<meta name=\"robots\" content=\"index, follow, max-snippet:-1, max-image-preview:large, max-video-preview:-1\" \/>\n<link rel=\"canonical\" href=\"https:\/\/epsigame-test.shop\/index.php\/produit\/fifa-23-2\/\" \/>\n<meta property=\"og:locale\" content=\"en_US\" \/>\n<meta property=\"og:type\" content=\"article\" \/>\n<meta property=\"og:title\" content=\"Fifa 23 - Epsigame Shop Test\" \/>\n<meta property=\"og:description\" content=\"&#8220;FIFA 23&#8221; est le dernier opus de la c\u00e9l\u00e8bre franchise de jeux de football, offrant aux joueurs une exp\u00e9rience immersive et r\u00e9aliste du sport le plus populaire au monde. Ce jeu de football tr\u00e8s attendu propose des graphismes am\u00e9lior\u00e9s, une jouabilit\u00e9 fluide et de nombreuses fonctionnalit\u00e9s passionnantes qui raviront les amateurs de football. Dans &#8220;FIFA [&hellip;]\" \/>\n<meta property=\"og:url\" content=\"https:\/\/epsigame-test.shop\/index.php\/produit\/fifa-23-2\/\" \/>\n<meta property=\"og:site_name\" content=\"Epsigame Shop Test\" \/>\n<meta property=\"article:modified_time\" content=\"2023-06-19T09:20:28+00:00\" \/>\n<meta property=\"og:image\" content=\"http:\/\/epsigame-test.shop\/wp-content\/uploads\/2023\/06\/fifa-23-xbox.jpg\" \/>\n\t<meta property=\"og:image:width\" content=\"811\" \/>\n\t<meta property=\"og:image:height\" content=\"1000\" \/>\n\t<meta property=\"og:image:type\" content=\"image\/jpeg\" \/>\n<meta name=\"twitter:card\" content=\"summary_large_image\" \/>\n<meta name=\"twitter:label1\" content=\"Est. reading time\" \/>\n\t<meta name=\"twitter:data1\" content=\"1 minute\" \/>\n<script type=\"application\/ld+json\" class=\"yoast-schema-graph\">{\"@context\":\"https:\/\/schema.org\",\"@graph\":[{\"@type\":\"WebPage\",\"@id\":\"https:\/\/epsigame-test.shop\/index.php\/produit\/fifa-23-2\/\",\"url\":\"https:\/\/epsigame-test.shop\/index.php\/produit\/fifa-23-2\/\",\"name\":\"Fifa 23 - Epsigame Shop Test\",\"isPartOf\":{\"@id\":\"https:\/\/epsigame-test.shop\/#website\"},\"datePublished\":\"2023-06-16T08:41:05+00:00\",\"dateModified\":\"2023-06-19T09:20:28+00:00\",\"breadcrumb\":{\"@id\":\"https:\/\/epsigame-test.shop\/index.php\/produit\/fifa-23-2\/#breadcrumb\"},\"inLanguage\":\"en-US\",\"potentialAction\":[{\"@type\":\"ReadAction\",\"target\":[\"https:\/\/epsigame-test.shop\/index.php\/produit\/fifa-23-2\/\"]}]},{\"@type\":\"BreadcrumbList\",\"@id\":\"https:\/\/epsigame-test.shop\/index.php\/produit\/fifa-23-2\/#breadcrumb\",\"itemListElement\":[{\"@type\":\"ListItem\",\"position\":1,\"name\":\"Accueil\",\"item\":\"https:\/\/epsigame-test.shop\/\"},{\"@type\":\"ListItem\",\"position\":2,\"name\":\"Boutique\",\"item\":\"https:\/\/epsigame-test.shop\/index.php\/boutique\/\"},{\"@type\":\"ListItem\",\"position\":3,\"name\":\"Fifa 23\"}]},{\"@type\":\"WebSite\",\"@id\":\"https:\/\/epsigame-test.shop\/#website\",\"url\":\"https:\/\/epsigame-test.shop\/\",\"name\":\"Epsigame Shop Test\",\"description\":\"\",\"potentialAction\":[{\"@type\":\"SearchAction\",\"target\":{\"@type\":\"EntryPoint\",\"urlTemplate\":\"https:\/\/epsigame-test.shop\/?s={search_term_string}\"},\"query-input\":\"required name=search_term_string\"}],\"inLanguage\":\"en-US\"}]}<\/script>\n<!-- \/ Yoast SEO plugin. -->","yoast_head_json":{"title":"Fifa 23 - Epsigame Shop Test","robots":{"index":"index","follow":"follow","max-snippet":"max-snippet:-1","max-image-preview":"max-image-preview:large","max-video-preview":"max-video-preview:-1"},"canonical":"https:\/\/epsigame-test.shop\/index.php\/produit\/fifa-23-2\/","og_locale":"en_US","og_type":"article","og_title":"Fifa 23 - Epsigame Shop Test","og_description":"&#8220;FIFA 23&#8221; est le dernier opus de la c\u00e9l\u00e8bre franchise de jeux de football, offrant aux joueurs une exp\u00e9rience immersive et r\u00e9aliste du sport le plus populaire au monde. Ce jeu de football tr\u00e8s attendu propose des graphismes am\u00e9lior\u00e9s, une jouabilit\u00e9 fluide et de nombreuses fonctionnalit\u00e9s passionnantes qui raviront les amateurs de football. Dans &#8220;FIFA [&hellip;]","og_url":"https:\/\/epsigame-test.shop\/index.php\/produit\/fifa-23-2\/","og_site_name":"Epsigame Shop Test","article_modified_time":"2023-06-19T09:20:28+00:00","og_image":[{"width":811,"height":1000,"url":"http:\/\/epsigame-test.shop\/wp-content\/uploads\/2023\/06\/fifa-23-xbox.jpg","type":"image\/jpeg"}],"twitter_card":"summary_large_image","twitter_misc":{"Est. reading time":"1 minute"},"schema":{"@context":"https:\/\/schema.org","@graph":[{"@type":"WebPage","@id":"https:\/\/epsigame-test.shop\/index.php\/produit\/fifa-23-2\/","url":"https:\/\/epsigame-test.shop\/index.php\/produit\/fifa-23-2\/","name":"Fifa 23 - Epsigame Shop Test","isPartOf":{"@id":"https:\/\/epsigame-test.shop\/#website"},"datePublished":"2023-06-16T08:41:05+00:00","dateModified":"2023-06-19T09:20:28+00:00","breadcrumb":{"@id":"https:\/\/epsigame-test.shop\/index.php\/produit\/fifa-23-2\/#breadcrumb"},"inLanguage":"en-US","potentialAction":[{"@type":"ReadAction","target":["https:\/\/epsigame-test.shop\/index.php\/produit\/fifa-23-2\/"]}]},{"@type":"BreadcrumbList","@id":"https:\/\/epsigame-test.shop\/index.php\/produit\/fifa-23-2\/#breadcrumb","itemListElement":[{"@type":"ListItem","position":1,"name":"Accueil","item":"https:\/\/epsigame-test.shop\/"},{"@type":"ListItem","position":2,"name":"Boutique","item":"https:\/\/epsigame-test.shop\/index.php\/boutique\/"},{"@type":"ListItem","position":3,"name":"Fifa 23"}]},{"@type":"WebSite","@id":"https:\/\/epsigame-test.shop\/#website","url":"https:\/\/epsigame-test.shop\/","name":"Epsigame Shop Test","description":"","potentialAction":[{"@type":"SearchAction","target":{"@type":"EntryPoint","urlTemplate":"https:\/\/epsigame-test.shop\/?s={search_term_string}"},"query-input":"required name=search_term_string"}],"inLanguage":"en-US"}]}},"_links":{"self":[{"href":"https:\/\/epsigame-test.shop\/index.php\/wp-json\/wp\/v2\/product\/33"}],"collection":[{"href":"https:\/\/epsigame-test.shop\/index.php\/wp-json\/wp\/v2\/product"}],"about":[{"href":"https:\/\/epsigame-test.shop\/index.php\/wp-json\/wp\/v2\/types\/product"}],"replies":[{"embeddable":true,"href":"https:\/\/epsigame-test.shop\/index.php\/wp-json\/wp\/v2\/comments?post=33"}],"wp:featuredmedia":[{"embeddable":true,"href":"https:\/\/epsigame-test.shop\/index.php\/wp-json\/wp\/v2\/media\/34"}],"wp:attachment":[{"href":"https:\/\/epsigame-test.shop\/index.php\/wp-json\/wp\/v2\/media?parent=33"}],"wp:term":[{"taxonomy":"product_cat","embeddable":true,"href":"https:\/\/epsigame-test.shop\/index.php\/wp-json\/wp\/v2\/product_cat?post=33"},{"taxonomy":"product_tag","embeddable":true,"href":"https:\/\/epsigame-test.shop\/index.php\/wp-json\/wp\/v2\/product_tag?post=33"}],"curies":[{"name":"wp","href":"https:\/\/api.w.org\/{rel}","templated":true}]}}