{"id":21,"date":"2023-06-16T10:22:38","date_gmt":"2023-06-16T08:22:38","guid":{"rendered":"https:\/\/epsigame-test.shop\/?post_type=product&#038;p=21"},"modified":"2023-06-16T10:27:01","modified_gmt":"2023-06-16T08:27:01","slug":"diablo-iv","status":"publish","type":"product","link":"https:\/\/epsigame-test.shop\/index.php\/produit\/diablo-iv\/","title":{"rendered":"Diablo IV"},"content":{"rendered":"<p>&#8220;Diablo IV&#8221; est un jeu de r\u00f4le d&#8217;action sombre et captivant qui plonge les joueurs dans un monde corrompu et terrifiant. Ce quatri\u00e8me opus tr\u00e8s attendu de la c\u00e9l\u00e8bre franchise &#8220;Diablo&#8221; offre une exp\u00e9rience de jeu \u00e9pique, m\u00ealant exploration, combats intenses et un r\u00e9cit profond\u00e9ment immersif.<\/p>\n<p>Dans &#8220;Diablo IV&#8221;, les forces d\u00e9moniaques ont envahi le monde de Sanctuaire, semant le chaos et la destruction. Les joueurs incarneront des h\u00e9ros courageux qui se l\u00e8vent pour d\u00e9fendre l&#8217;humanit\u00e9 contre cette menace d\u00e9vastatrice. Ils pourront choisir parmi plusieurs classes de personnages, chacune offrant un style de jeu unique, des comp\u00e9tences sp\u00e9ciales et des capacit\u00e9s surpuissantes.<\/p>\n<p>Que vous soyez un fan de longue date de la s\u00e9rie &#8220;Diablo&#8221; ou un nouveau venu dans cet univers sombre, &#8220;Diablo IV&#8221; promet d&#8217;\u00eatre une exp\u00e9rience inoubliable, remplie d&#8217;action fr\u00e9n\u00e9tique, de myst\u00e8res \u00e0 r\u00e9soudre et de d\u00e9fis \u00e0 relever. Pr\u00e9parez-vous \u00e0 plonger dans les t\u00e9n\u00e8bres et \u00e0 affronter les forces d\u00e9moniaques dans cette aventure \u00e9pique.<\/p>\n","protected":false},"excerpt":{"rendered":"<p>Diablo IV<\/p>\n","protected":false},"featured_media":22,"comment_status":"open","ping_status":"closed","template":"","meta":[],"product_cat":[35,20],"product_tag":[],"yoast_head":"<!-- This site is optimized with the Yoast SEO plugin v20.9 - https:\/\/yoast.com\/wordpress\/plugins\/seo\/ -->\n<title>Diablo IV - Epsigame Shop Test<\/title>\n<meta name=\"robots\" content=\"index, follow, max-snippet:-1, max-image-preview:large, max-video-preview:-1\" \/>\n<link rel=\"canonical\" href=\"https:\/\/epsigame-test.shop\/index.php\/produit\/diablo-iv\/\" \/>\n<meta property=\"og:locale\" content=\"en_US\" \/>\n<meta property=\"og:type\" content=\"article\" \/>\n<meta property=\"og:title\" content=\"Diablo IV - Epsigame Shop Test\" \/>\n<meta property=\"og:description\" content=\"Diablo IV\" \/>\n<meta property=\"og:url\" content=\"https:\/\/epsigame-test.shop\/index.php\/produit\/diablo-iv\/\" \/>\n<meta property=\"og:site_name\" content=\"Epsigame Shop Test\" \/>\n<meta property=\"article:modified_time\" content=\"2023-06-16T08:27:01+00:00\" \/>\n<meta property=\"og:image\" content=\"http:\/\/epsigame-test.shop\/wp-content\/uploads\/2023\/06\/Diablo-IV-pc.jpg\" \/>\n\t<meta property=\"og:image:width\" content=\"1280\" \/>\n\t<meta property=\"og:image:height\" content=\"960\" \/>\n\t<meta property=\"og:image:type\" content=\"image\/jpeg\" \/>\n<meta name=\"twitter:card\" content=\"summary_large_image\" \/>\n<meta name=\"twitter:label1\" content=\"Est. reading time\" \/>\n\t<meta name=\"twitter:data1\" content=\"1 minute\" \/>\n<script type=\"application\/ld+json\" class=\"yoast-schema-graph\">{\"@context\":\"https:\/\/schema.org\",\"@graph\":[{\"@type\":\"WebPage\",\"@id\":\"https:\/\/epsigame-test.shop\/index.php\/produit\/diablo-iv\/\",\"url\":\"https:\/\/epsigame-test.shop\/index.php\/produit\/diablo-iv\/\",\"name\":\"Diablo IV - Epsigame Shop Test\",\"isPartOf\":{\"@id\":\"https:\/\/epsigame-test.shop\/#website\"},\"datePublished\":\"2023-06-16T08:22:38+00:00\",\"dateModified\":\"2023-06-16T08:27:01+00:00\",\"breadcrumb\":{\"@id\":\"https:\/\/epsigame-test.shop\/index.php\/produit\/diablo-iv\/#breadcrumb\"},\"inLanguage\":\"en-US\",\"potentialAction\":[{\"@type\":\"ReadAction\",\"target\":[\"https:\/\/epsigame-test.shop\/index.php\/produit\/diablo-iv\/\"]}]},{\"@type\":\"BreadcrumbList\",\"@id\":\"https:\/\/epsigame-test.shop\/index.php\/produit\/diablo-iv\/#breadcrumb\",\"itemListElement\":[{\"@type\":\"ListItem\",\"position\":1,\"name\":\"Accueil\",\"item\":\"https:\/\/epsigame-test.shop\/\"},{\"@type\":\"ListItem\",\"position\":2,\"name\":\"Boutique\",\"item\":\"https:\/\/epsigame-test.shop\/index.php\/boutique\/\"},{\"@type\":\"ListItem\",\"position\":3,\"name\":\"Diablo IV\"}]},{\"@type\":\"WebSite\",\"@id\":\"https:\/\/epsigame-test.shop\/#website\",\"url\":\"https:\/\/epsigame-test.shop\/\",\"name\":\"Epsigame Shop Test\",\"description\":\"\",\"potentialAction\":[{\"@type\":\"SearchAction\",\"target\":{\"@type\":\"EntryPoint\",\"urlTemplate\":\"https:\/\/epsigame-test.shop\/?s={search_term_string}\"},\"query-input\":\"required name=search_term_string\"}],\"inLanguage\":\"en-US\"}]}<\/script>\n<!-- \/ Yoast SEO plugin. -->","yoast_head_json":{"title":"Diablo IV - Epsigame Shop Test","robots":{"index":"index","follow":"follow","max-snippet":"max-snippet:-1","max-image-preview":"max-image-preview:large","max-video-preview":"max-video-preview:-1"},"canonical":"https:\/\/epsigame-test.shop\/index.php\/produit\/diablo-iv\/","og_locale":"en_US","og_type":"article","og_title":"Diablo IV - Epsigame Shop Test","og_description":"Diablo IV","og_url":"https:\/\/epsigame-test.shop\/index.php\/produit\/diablo-iv\/","og_site_name":"Epsigame Shop Test","article_modified_time":"2023-06-16T08:27:01+00:00","og_image":[{"width":1280,"height":960,"url":"http:\/\/epsigame-test.shop\/wp-content\/uploads\/2023\/06\/Diablo-IV-pc.jpg","type":"image\/jpeg"}],"twitter_card":"summary_large_image","twitter_misc":{"Est. reading time":"1 minute"},"schema":{"@context":"https:\/\/schema.org","@graph":[{"@type":"WebPage","@id":"https:\/\/epsigame-test.shop\/index.php\/produit\/diablo-iv\/","url":"https:\/\/epsigame-test.shop\/index.php\/produit\/diablo-iv\/","name":"Diablo IV - Epsigame Shop Test","isPartOf":{"@id":"https:\/\/epsigame-test.shop\/#website"},"datePublished":"2023-06-16T08:22:38+00:00","dateModified":"2023-06-16T08:27:01+00:00","breadcrumb":{"@id":"https:\/\/epsigame-test.shop\/index.php\/produit\/diablo-iv\/#breadcrumb"},"inLanguage":"en-US","potentialAction":[{"@type":"ReadAction","target":["https:\/\/epsigame-test.shop\/index.php\/produit\/diablo-iv\/"]}]},{"@type":"BreadcrumbList","@id":"https:\/\/epsigame-test.shop\/index.php\/produit\/diablo-iv\/#breadcrumb","itemListElement":[{"@type":"ListItem","position":1,"name":"Accueil","item":"https:\/\/epsigame-test.shop\/"},{"@type":"ListItem","position":2,"name":"Boutique","item":"https:\/\/epsigame-test.shop\/index.php\/boutique\/"},{"@type":"ListItem","position":3,"name":"Diablo IV"}]},{"@type":"WebSite","@id":"https:\/\/epsigame-test.shop\/#website","url":"https:\/\/epsigame-test.shop\/","name":"Epsigame Shop Test","description":"","potentialAction":[{"@type":"SearchAction","target":{"@type":"EntryPoint","urlTemplate":"https:\/\/epsigame-test.shop\/?s={search_term_string}"},"query-input":"required name=search_term_string"}],"inLanguage":"en-US"}]}},"_links":{"self":[{"href":"https:\/\/epsigame-test.shop\/index.php\/wp-json\/wp\/v2\/product\/21"}],"collection":[{"href":"https:\/\/epsigame-test.shop\/index.php\/wp-json\/wp\/v2\/product"}],"about":[{"href":"https:\/\/epsigame-test.shop\/index.php\/wp-json\/wp\/v2\/types\/product"}],"replies":[{"embeddable":true,"href":"https:\/\/epsigame-test.shop\/index.php\/wp-json\/wp\/v2\/comments?post=21"}],"wp:featuredmedia":[{"embeddable":true,"href":"https:\/\/epsigame-test.shop\/index.php\/wp-json\/wp\/v2\/media\/22"}],"wp:attachment":[{"href":"https:\/\/epsigame-test.shop\/index.php\/wp-json\/wp\/v2\/media?parent=21"}],"wp:term":[{"taxonomy":"product_cat","embeddable":true,"href":"https:\/\/epsigame-test.shop\/index.php\/wp-json\/wp\/v2\/product_cat?post=21"},{"taxonomy":"product_tag","embeddable":true,"href":"https:\/\/epsigame-test.shop\/index.php\/wp-json\/wp\/v2\/product_tag?post=21"}],"curies":[{"name":"wp","href":"https:\/\/api.w.org\/{rel}","templated":true}]}}