{"id":18,"date":"2023-06-16T10:14:57","date_gmt":"2023-06-16T08:14:57","guid":{"rendered":"https:\/\/epsigame-test.shop\/?post_type=product&#038;p=18"},"modified":"2023-06-16T10:17:17","modified_gmt":"2023-06-16T08:17:17","slug":"the-legend-of-zelda-tears-of-the-kingdom","status":"publish","type":"product","link":"https:\/\/epsigame-test.shop\/index.php\/produit\/the-legend-of-zelda-tears-of-the-kingdom\/","title":{"rendered":"The Legend of Zelda : Tears of the Kingdom"},"content":{"rendered":"<p>&#8220;The Legend of Zelda: Tears of the Kingdom&#8221; est une aventure \u00e9pique qui plonge les joueurs dans un monde fantastique rempli de myst\u00e8res et de magie. Dans ce nouvel opus de la c\u00e9l\u00e8bre s\u00e9rie &#8220;The Legend of Zelda&#8221;, les joueurs se retrouvent une fois de plus dans la peau de Link, le h\u00e9ros l\u00e9gendaire.<\/p>\n<p>Dans &#8220;Tears of the Kingdom&#8221;, le royaume d&#8217;Hyrule est confront\u00e9 \u00e0 une menace sombre et puissante. Une force mal\u00e9fique s&#8217;est empar\u00e9e des terres, plongeant le royaume dans le chaos et les t\u00e9n\u00e8bres. Link se lance alors dans une qu\u00eate p\u00e9rilleuse pour restaurer l&#8217;\u00e9quilibre et sauver le royaume.<\/p>\n","protected":false},"excerpt":{"rendered":"<p>The Legend of Zelda : Tears of the Kingdom<\/p>\n","protected":false},"featured_media":19,"comment_status":"open","ping_status":"closed","template":"","meta":[],"product_cat":[16,17],"product_tag":[],"yoast_head":"<!-- This site is optimized with the Yoast SEO plugin v20.9 - https:\/\/yoast.com\/wordpress\/plugins\/seo\/ -->\n<title>The Legend of Zelda : Tears of the Kingdom - Epsigame Shop Test<\/title>\n<meta name=\"robots\" content=\"index, follow, max-snippet:-1, max-image-preview:large, max-video-preview:-1\" \/>\n<link rel=\"canonical\" href=\"https:\/\/epsigame-test.shop\/index.php\/produit\/the-legend-of-zelda-tears-of-the-kingdom\/\" \/>\n<meta property=\"og:locale\" content=\"en_US\" \/>\n<meta property=\"og:type\" content=\"article\" \/>\n<meta property=\"og:title\" content=\"The Legend of Zelda : Tears of the Kingdom - Epsigame Shop Test\" \/>\n<meta property=\"og:description\" content=\"The Legend of Zelda : Tears of the Kingdom\" \/>\n<meta property=\"og:url\" content=\"https:\/\/epsigame-test.shop\/index.php\/produit\/the-legend-of-zelda-tears-of-the-kingdom\/\" \/>\n<meta property=\"og:site_name\" content=\"Epsigame Shop Test\" \/>\n<meta property=\"article:modified_time\" content=\"2023-06-16T08:17:17+00:00\" \/>\n<meta property=\"og:image\" content=\"http:\/\/epsigame-test.shop\/wp-content\/uploads\/2023\/06\/zelda.jpg\" \/>\n\t<meta property=\"og:image:width\" content=\"600\" \/>\n\t<meta property=\"og:image:height\" content=\"956\" \/>\n\t<meta property=\"og:image:type\" content=\"image\/jpeg\" \/>\n<meta name=\"twitter:card\" content=\"summary_large_image\" \/>\n<meta name=\"twitter:label1\" content=\"Est. reading time\" \/>\n\t<meta name=\"twitter:data1\" content=\"1 minute\" \/>\n<script type=\"application\/ld+json\" class=\"yoast-schema-graph\">{\"@context\":\"https:\/\/schema.org\",\"@graph\":[{\"@type\":\"WebPage\",\"@id\":\"https:\/\/epsigame-test.shop\/index.php\/produit\/the-legend-of-zelda-tears-of-the-kingdom\/\",\"url\":\"https:\/\/epsigame-test.shop\/index.php\/produit\/the-legend-of-zelda-tears-of-the-kingdom\/\",\"name\":\"The Legend of Zelda : Tears of the Kingdom - Epsigame Shop Test\",\"isPartOf\":{\"@id\":\"https:\/\/epsigame-test.shop\/#website\"},\"datePublished\":\"2023-06-16T08:14:57+00:00\",\"dateModified\":\"2023-06-16T08:17:17+00:00\",\"breadcrumb\":{\"@id\":\"https:\/\/epsigame-test.shop\/index.php\/produit\/the-legend-of-zelda-tears-of-the-kingdom\/#breadcrumb\"},\"inLanguage\":\"en-US\",\"potentialAction\":[{\"@type\":\"ReadAction\",\"target\":[\"https:\/\/epsigame-test.shop\/index.php\/produit\/the-legend-of-zelda-tears-of-the-kingdom\/\"]}]},{\"@type\":\"BreadcrumbList\",\"@id\":\"https:\/\/epsigame-test.shop\/index.php\/produit\/the-legend-of-zelda-tears-of-the-kingdom\/#breadcrumb\",\"itemListElement\":[{\"@type\":\"ListItem\",\"position\":1,\"name\":\"Accueil\",\"item\":\"https:\/\/epsigame-test.shop\/\"},{\"@type\":\"ListItem\",\"position\":2,\"name\":\"Boutique\",\"item\":\"https:\/\/epsigame-test.shop\/index.php\/boutique\/\"},{\"@type\":\"ListItem\",\"position\":3,\"name\":\"The Legend of Zelda : Tears of the Kingdom\"}]},{\"@type\":\"WebSite\",\"@id\":\"https:\/\/epsigame-test.shop\/#website\",\"url\":\"https:\/\/epsigame-test.shop\/\",\"name\":\"Epsigame Shop Test\",\"description\":\"\",\"potentialAction\":[{\"@type\":\"SearchAction\",\"target\":{\"@type\":\"EntryPoint\",\"urlTemplate\":\"https:\/\/epsigame-test.shop\/?s={search_term_string}\"},\"query-input\":\"required name=search_term_string\"}],\"inLanguage\":\"en-US\"}]}<\/script>\n<!-- \/ Yoast SEO plugin. -->","yoast_head_json":{"title":"The Legend of Zelda : Tears of the Kingdom - Epsigame Shop Test","robots":{"index":"index","follow":"follow","max-snippet":"max-snippet:-1","max-image-preview":"max-image-preview:large","max-video-preview":"max-video-preview:-1"},"canonical":"https:\/\/epsigame-test.shop\/index.php\/produit\/the-legend-of-zelda-tears-of-the-kingdom\/","og_locale":"en_US","og_type":"article","og_title":"The Legend of Zelda : Tears of the Kingdom - Epsigame Shop Test","og_description":"The Legend of Zelda : Tears of the Kingdom","og_url":"https:\/\/epsigame-test.shop\/index.php\/produit\/the-legend-of-zelda-tears-of-the-kingdom\/","og_site_name":"Epsigame Shop Test","article_modified_time":"2023-06-16T08:17:17+00:00","og_image":[{"width":600,"height":956,"url":"http:\/\/epsigame-test.shop\/wp-content\/uploads\/2023\/06\/zelda.jpg","type":"image\/jpeg"}],"twitter_card":"summary_large_image","twitter_misc":{"Est. reading time":"1 minute"},"schema":{"@context":"https:\/\/schema.org","@graph":[{"@type":"WebPage","@id":"https:\/\/epsigame-test.shop\/index.php\/produit\/the-legend-of-zelda-tears-of-the-kingdom\/","url":"https:\/\/epsigame-test.shop\/index.php\/produit\/the-legend-of-zelda-tears-of-the-kingdom\/","name":"The Legend of Zelda : Tears of the Kingdom - Epsigame Shop Test","isPartOf":{"@id":"https:\/\/epsigame-test.shop\/#website"},"datePublished":"2023-06-16T08:14:57+00:00","dateModified":"2023-06-16T08:17:17+00:00","breadcrumb":{"@id":"https:\/\/epsigame-test.shop\/index.php\/produit\/the-legend-of-zelda-tears-of-the-kingdom\/#breadcrumb"},"inLanguage":"en-US","potentialAction":[{"@type":"ReadAction","target":["https:\/\/epsigame-test.shop\/index.php\/produit\/the-legend-of-zelda-tears-of-the-kingdom\/"]}]},{"@type":"BreadcrumbList","@id":"https:\/\/epsigame-test.shop\/index.php\/produit\/the-legend-of-zelda-tears-of-the-kingdom\/#breadcrumb","itemListElement":[{"@type":"ListItem","position":1,"name":"Accueil","item":"https:\/\/epsigame-test.shop\/"},{"@type":"ListItem","position":2,"name":"Boutique","item":"https:\/\/epsigame-test.shop\/index.php\/boutique\/"},{"@type":"ListItem","position":3,"name":"The Legend of Zelda : Tears of the Kingdom"}]},{"@type":"WebSite","@id":"https:\/\/epsigame-test.shop\/#website","url":"https:\/\/epsigame-test.shop\/","name":"Epsigame Shop Test","description":"","potentialAction":[{"@type":"SearchAction","target":{"@type":"EntryPoint","urlTemplate":"https:\/\/epsigame-test.shop\/?s={search_term_string}"},"query-input":"required name=search_term_string"}],"inLanguage":"en-US"}]}},"_links":{"self":[{"href":"https:\/\/epsigame-test.shop\/index.php\/wp-json\/wp\/v2\/product\/18"}],"collection":[{"href":"https:\/\/epsigame-test.shop\/index.php\/wp-json\/wp\/v2\/product"}],"about":[{"href":"https:\/\/epsigame-test.shop\/index.php\/wp-json\/wp\/v2\/types\/product"}],"replies":[{"embeddable":true,"href":"https:\/\/epsigame-test.shop\/index.php\/wp-json\/wp\/v2\/comments?post=18"}],"wp:featuredmedia":[{"embeddable":true,"href":"https:\/\/epsigame-test.shop\/index.php\/wp-json\/wp\/v2\/media\/19"}],"wp:attachment":[{"href":"https:\/\/epsigame-test.shop\/index.php\/wp-json\/wp\/v2\/media?parent=18"}],"wp:term":[{"taxonomy":"product_cat","embeddable":true,"href":"https:\/\/epsigame-test.shop\/index.php\/wp-json\/wp\/v2\/product_cat?post=18"},{"taxonomy":"product_tag","embeddable":true,"href":"https:\/\/epsigame-test.shop\/index.php\/wp-json\/wp\/v2\/product_tag?post=18"}],"curies":[{"name":"wp","href":"https:\/\/api.w.org\/{rel}","templated":true}]}}